{"id":5,"date":"2019-05-27T23:19:32","date_gmt":"2019-05-27T21:19:32","guid":{"rendered":"https:\/\/computer-alex.de\/?page_id=5"},"modified":"2026-03-11T19:04:58","modified_gmt":"2026-03-11T18:04:58","slug":"mesmerize","status":"publish","type":"page","link":"https:\/\/computer-alex.de\/","title":{"rendered":"Startseite"},"content":{"rendered":"<div  id=\"overlappable-4\" class=\"overlappable-4 content-section content-section-spacing\" style=\"background-color: #ffffff;\" data-label=\"Overlappable\" data-id=\"overlappable-4\" data-export-id=\"overlappable-4\" data-category=\"overlappable\" data-overlap=\"true\">\n<div  class=\"gridContainer\">\n<div  class=\"row spaced-cols text-center center-sm\" data-type=\"row\">\n<div  class=\"col-xs-12 col-sm-4 col-padding col-md-3 \"><i  class=\"fa icon fa-clone large shadow-large-black round aligncenter reverse color1\"><\/i>\n<div  class=\"\" data-type=\"column\">\n<h5  class=\"\"><\/h5>\n<h5  class=\"\">Shop L\u00f6sungen<\/h5>\n<p  class=\"\">Einfache, kreative und wirkungsvolle Shop Systeme!\n<br >Bringen Sie Ihre einzigartigen Produkte an den Mann! <\/p>\n\n<\/div>\n<\/div>\n<div  class=\"col-xs-12 col-sm-4 col-padding col-md-3 \"><i  class=\"fa icon fa-cogs large shadow-large-black round aligncenter reverse color1\"><\/i>\n<div  class=\"\" data-type=\"column\">\n<h5  class=\"\"><\/h5>\n<h5  class=\"\">Alte Hardware neue Software<\/h5>\n<p  class=\"\">Wir holen das beste aus Ihrer Hardware!<\/p>\nAngepasste Software zu Ihrer Hardware! Aktuelle Treiber, aufger\u00e4umtes System!\n\nNur ein aufger\u00e4umtes, sauberes und aktuelles System ist ein sicheres System!\n\n<\/div>\n<\/div>\n<div  class=\"col-xs-12 col-sm-4 col-padding col-md-3 \"><i  class=\"fa icon fa-magic large shadow-large-black round aligncenter reverse color1\"><\/i>\n<div  class=\"\" data-type=\"column\">\n<h5  class=\"\"><\/h5>\n<h5  class=\"\">Alltagsprobleme<\/h5><p  class=\"\">Smartphone runtergefallen? Splitterapp? Trojaner auf dem Smartphone?\nDatenrettung?<\/p>\n\nWir helfen Ihnen bei den Problemen des Alltags. Ob Malware\nVorsorge\/Entfernung, Reparaturen von Displaysch\u00e4den oder Akkus.\n\nIhr Computer hat jahrelang funktioniert, doch auf einmal k\u00f6nnen Sie\netwas nicht mehr \u00f6ffnen oder drucken? Wir sind Ihr richtiger\nAnsprechpartner!\n\n<\/div>\n<\/div>\n<\/div>\n<\/div>\n<\/div><div  id=\"about-1\" class=\"about-1 content-section\" style=\"background-color: #f5fafd;\" data-label=\"About\" data-id=\"about-1\" data-export-id=\"about-1\" data-category=\"about\">\n<div  class=\"gridContainer\">\n<div  class=\"row text-center\">\n<div  class=\"section-title-col\" data-type=\"column\">\n<h5  class=\"\">Computer-Alex<\/h5>\n<h2  class=\"\"><\/h2>\n<h2  class=\"\">Individuelle L\u00f6sungen f\u00fcr au\u00dfergew\u00f6hnliche W\u00fcnsche<\/h2>\n<p  class=\"lead\">Ihr Computer ist mit den Jahren tr\u00e4ge geworden und l\u00e4uft nicht nach Ihren W\u00fcnschen?<\/p>\n\n<\/div>\n<\/div>\n<div  class=\"row\">\n<div  class=\"button-holder space-bottom space-bottom-small\" data-type=\"column\">\n<p  class=\"\">Wir bieten Ihnen die passende L\u00f6sung nach Ihren W\u00fcnschen!<\/p>\n\n\n<\/div>\n<div  class=\"col-xs bottom-xs flexbox image-group-bottom-3-img space-bottom-xs center-xs\"><img  decoding=\"async\" class=\"left-img shadow-large-black\" src=\"https:\/\/computer-alex.de\/wp-content\/plugins\/mesmerize-companion\/theme-data\/mesmerize\/sections\/images\/computer-2569652.jpg\" data-size=\"500x300\"> <img  decoding=\"async\" class=\"center-img shadow-large-black\" src=\"https:\/\/computer-alex.de\/wp-content\/plugins\/mesmerize-companion\/theme-data\/mesmerize\/sections\/images\/apple-1838564.jpg\" data-size=\"500x300\"> <img  decoding=\"async\" class=\"right-img shadow-large-black\" src=\"https:\/\/computer-alex.de\/wp-content\/plugins\/mesmerize-companion\/theme-data\/mesmerize\/sections\/images\/laptop-2559795.jpg\" data-size=\"500x300\"><\/div>\n<\/div>\n<\/div>\n<\/div><div  id=\"features-3\" class=\"features-12-card-bordered content-section content-section-spacing \" style=\"background-color: #ffffff;\" data-label=\"Features\" data-id=\"features-12-card-bordered\" data-export-id=\"features-12-card-bordered\" data-category=\"features\">\n<div  class=\"gridContainer\">\n<div  class=\"row text-center\">\n<div  class=\"section-title-col\" data-type=\"column\">\n<h2  class=\"\"><\/h2>\n<h2  class=\"\">Probleml\u00f6sungen genau f\u00fcr Sie zugeschnitten<\/h2>\n<p  class=\"lead\">Es gibt keine Probleme nur L\u00f6sungen<\/p>\n\n<\/div>\n<\/div>\n<div  class=\"row spaced-cols\" data-type=\"row\">\n<div  class=\"col-sm-6\">\n<div  class=\"card row-card bordered y-move\">\n<div  class=\"row\">\n<div  class=\"col-sm-fit icon-column\"><\/div>\n<div  class=\"col-sm\" data-type=\"column\">\n<h5  class=\"color2\"><\/h5>\n<h5  class=\"color2\">Beratung und Schulung<\/h5>\n<p  class=\"\">Defizite in Sachen Software und Elektronik?<\/p>\n<p  class=\"\">Vereinbaren Sie einen Beratungstermin mit uns.<\/p>\n\n<\/div>\n<\/div>\n<\/div>\n<\/div>\n<div  class=\"col-sm-6\">\n<div  class=\"card row-card bordered y-move\">\n<div  class=\"row\">\n<div  class=\"col-sm-fit icon-column\"><\/div>\n<div  class=\"col-sm\" data-type=\"column\">\n<h5  class=\"color2\"><\/h5>\n<h5  class=\"color2\">Software general\u00fcberholen<\/h5>\n<p  class=\"\">Wir richten Ihnen eine frische Windows oder Linuxoberfl\u00e4che ein, mit Ihren Wunschprogrammen. Nachhaltig und effizient!<\/p>\n\n<\/div>\n<\/div>\n<\/div>\n<\/div>\n<div  class=\"col-sm-6\">\n<div  class=\"card row-card bordered y-move\">\n<div  class=\"row\">\n<div  class=\"col-sm-fit icon-column\"><\/div>\n<div  class=\"col-sm\" data-type=\"column\">\n<h5  class=\"color2\"><\/h5>\n<h5  class=\"color2\">Hardware Verbesserung\/Reparatur<\/h5>\n<p  class=\"\">Wir bieten Ihnen die optimalste und g\u00fcnstigste M\u00f6glichkeit Ihren PC wieder so flott wie am ersten Tag zu gestalten.<\/p>\n<p  class=\"\">Displayschaden, Akkuprobleme oder vielleicht sogar Malware? Wir bieten Ihnen Diagnose, Reperatur und Service!<\/p>\n\n<\/div>\n<\/div>\n<\/div>\n<\/div>\n<div  class=\"col-sm-6\">\n<div  class=\"card row-card bordered y-move\">\n<div  class=\"row\">\n<div  class=\"col-sm-fit icon-column\"><\/div>\n<div  class=\"col-sm\" data-type=\"column\">\n<h5  class=\"color2\"><\/h5>\n<h5  class=\"color2\">Datenrettung<\/h5>\n<p  class=\"\">Durch ein Missgeschick, Alter, Malware oder starker Abnutzung sind\npl\u00f6tzlich Ihre Bilder oder wichtige Dokumente verschwunden. Nicht lange\nwarten! Kontaktieren Sie uns!<\/p>\n\n<\/div>\n<\/div>\n<\/div>\n<\/div>\n<\/div>\n<\/div>\n<\/div><div  data-label=\"Counters\" data-id=\"counters--1\" data-export-id=\"counters-2\" data-category=\"counters\" class=\"counters-2 content-section content-section-spacing\" id=\"counters-1\" style=\"background-color: rgb(245, 250, 253);\"><div  class=\"gridContainer\"> <div  class=\"row text-center\"><div  class=\"section-title-col\" data-type=\"column\"> <h2  class=\"\">Statistiken zum E-Commerce in Deutschland <\/h2> <p  class=\"lead\">Insgesamt geh\u00f6ren Bekleidung sowie Elektronikartikel und Telekommunikation zu den umsatzst\u00e4rksten Warengruppen im Online-Handel. Im Bereich Fashion und Accessoires wurde knapp ein Viertel des gesamten Online-Umsatzes in Deutschland erwirtschaftet, 24,3 Prozent des Online-Umsatzes wurden in der Branche CE\/Elektro umgesetzt. Insgesamt geh\u00f6ren Bekleidung sowie Elektronikartikel und Telekommunikation zu den umsatzst\u00e4rksten Warengruppen im Online-Handel. Im Bereich Fashion und Accessoires wurde knapp ein Viertel des gesamten Online-Umsatzes in Deutschland erwirtschaftet, 24,3 Prozent des Online-Umsatzes wurden in der Branche CE\/Elektro umgesetzt. <\/p><\/div> <\/div> <div  class=\"row\" data-type=\"row\"> <div  class=\"col-xs-12 col-sm-4 text-center space-bottom\"> <i  class=\"fa icon color1 fa-arrow-circle-up\"><\/i> <h3  class=\"font-400\" data-min=\"0\" data-max=\"53,30\" data-duration=\"3000\" data-prefix=\"\" data-suffix=\"Mrd. Euro\" data-countup=\"true\" style=\"display: inline-block;\"><\/h3> <h5  class=\"upper color2\">E-Commerce-Umsatz in deutschland<\/h5><\/div> <div  class=\"col-xs-12 col-sm-4 text-center space-bottom\"><i  class=\"fa icon color1 fa-arrow-circle-up\"><\/i> <h3  class=\"font-400\" data-min=\"1\" data-max=\"18,8\" data-duration=\"3000\" data-prefix=\"\" data-suffix=\"Mrd. Euro\" data-countup=\"true\" style=\"display: inline-block;\"><\/h3> <h5  class=\"upper color2\">Gesamtumsatz top 10 Shops in deutschland<\/h5><\/div> <div  class=\"col-xs-12 col-sm-4 text-center space-bottom\"><i  class=\"fa icon color1 fa-arrow-circle-up\"><\/i> <h3  class=\"font-400\" data-min=\"0\" data-max=\"10\" data-duration=\"3000\" data-prefix=\"\" data-suffix=\"%\" data-countup=\"true\" style=\"display: inline-block;\"><\/h3> <h5  class=\"upper color2\">Zunahme der anzahl an shops<\/h5><\/div> <\/div><\/div> <\/div>","protected":false},"excerpt":{"rendered":"<p>Shop L\u00f6sungen Einfache, kreative und wirkungsvolle Shop Systeme! Bringen Sie Ihre einzigartigen Produkte an den Mann! Alte Hardware neue Software Wir holen das beste aus Ihrer Hardware! Angepasste Software zu Ihrer Hardware! Aktuelle Treiber, aufger\u00e4umtes System! Nur ein aufger\u00e4umtes, sauberes und aktuelles System ist ein sicheres System! AlltagsproblemeSmartphone runtergefallen? Splitterapp? Trojaner auf dem Smartphone? Datenrettung?&hellip; <br \/> <a class=\"read-more\" href=\"https:\/\/computer-alex.de\/\">Weiterlesen<\/a><\/p>\n","protected":false},"author":1,"featured_media":0,"parent":0,"menu_order":1,"comment_status":"closed","ping_status":"closed","template":"page-templates\/homepage.php","meta":{"footnotes":""},"class_list":["post-5","page","type-page","status-publish","hentry"],"_links":{"self":[{"href":"https:\/\/computer-alex.de\/index.php?rest_route=\/wp\/v2\/pages\/5","targetHints":{"allow":["GET"]}}],"collection":[{"href":"https:\/\/computer-alex.de\/index.php?rest_route=\/wp\/v2\/pages"}],"about":[{"href":"https:\/\/computer-alex.de\/index.php?rest_route=\/wp\/v2\/types\/page"}],"author":[{"embeddable":true,"href":"https:\/\/computer-alex.de\/index.php?rest_route=\/wp\/v2\/users\/1"}],"replies":[{"embeddable":true,"href":"https:\/\/computer-alex.de\/index.php?rest_route=%2Fwp%2Fv2%2Fcomments&post=5"}],"version-history":[{"count":18,"href":"https:\/\/computer-alex.de\/index.php?rest_route=\/wp\/v2\/pages\/5\/revisions"}],"predecessor-version":[{"id":112,"href":"https:\/\/computer-alex.de\/index.php?rest_route=\/wp\/v2\/pages\/5\/revisions\/112"}],"wp:attachment":[{"href":"https:\/\/computer-alex.de\/index.php?rest_route=%2Fwp%2Fv2%2Fmedia&parent=5"}],"curies":[{"name":"wp","href":"https:\/\/api.w.org\/{rel}","templated":true}]}}