{"id":46,"date":"2020-02-12T14:36:44","date_gmt":"2020-02-12T13:36:44","guid":{"rendered":"https:\/\/computer-alex.de\/?page_id=46"},"modified":"2026-03-21T10:22:00","modified_gmt":"2026-03-21T09:22:00","slug":"download-center","status":"publish","type":"page","link":"https:\/\/computer-alex.de\/?page_id=46","title":{"rendered":"Download-Center"},"content":{"rendered":"\n<h2 class=\"wp-block-heading has-text-align-center\">Kostenfreie Antiviren Programme:<\/h2>\n\n\n\n<div class=\"wp-block-media-text alignwide\" style=\"grid-template-columns:32% auto\"><figure class=\"wp-block-media-text__media\"><img loading=\"lazy\" decoding=\"async\" width=\"462\" height=\"231\" src=\"https:\/\/computer-alex.de\/wp-content\/uploads\/2020\/02\/avast-logo-462x231px-300dpi-rgb_1-1-301.jpg\" alt=\"\" class=\"wp-image-54 size-full\" srcset=\"https:\/\/computer-alex.de\/wp-content\/uploads\/2020\/02\/avast-logo-462x231px-300dpi-rgb_1-1-301.jpg 462w, https:\/\/computer-alex.de\/wp-content\/uploads\/2020\/02\/avast-logo-462x231px-300dpi-rgb_1-1-301-300x150.jpg 300w\" sizes=\"auto, (max-width: 462px) 100vw, 462px\" \/><\/figure><div class=\"wp-block-media-text__content\">\n<div class=\"wp-block-group\"><div class=\"wp-block-group__inner-container is-layout-flow wp-block-group-is-layout-flow\">\n<h2 class=\"wp-block-heading\"><strong><a href=\"https:\/\/www.avast.com\/de-de\/download-thank-you.php?product=FAV-PPC&amp;locale=de-de&amp;ppc=a3&amp;ppc=a3\" target=\"_blank\" rel=\"noopener\">Avast Antivirus<\/a><\/strong><\/h2>\n<\/div><\/div>\n\n\n\n<p> Mit &#8222;avast Free Antivirus&#8220; kommt ein vollwertiger Virenscanner auf Ihren Rechner, der sowohl den  Dateizugriff als auch den gesamten Mailverkehr \u00fcberwacht. Dank der  einfachen Bedienung ist das Programm auch f\u00fcr Einsteiger geeignet. <\/p>\n\n\n\n<p>Der\n Echtzeit-Schutz beinhaltet einige Schutzmodule, die Sie vor Infektionen\n sch\u00fctzen k\u00f6nnen: E-Mail-\u00dcberwachung, Schutz f\u00fcr Tauschb\u00f6rsen-Tools, \nMessenger-Scanner und Benachrichtigungsdienst. F\u00fcr jede der Komponenten \nl\u00e4sst sich der Wirkungsgrad einstellen, also die Sensibilit\u00e4t des \nScanners. \n\n<\/p>\n<\/div><\/div>\n\n\n\n<p><\/p>\n\n\n\n<div class=\"wp-block-media-text alignwide\" style=\"grid-template-columns:29% auto\"><figure class=\"wp-block-media-text__media\"><img loading=\"lazy\" decoding=\"async\" width=\"180\" height=\"180\" src=\"https:\/\/computer-alex.de\/wp-content\/uploads\/2020\/02\/apple-touch-icon1.png\" alt=\"\" class=\"wp-image-47 size-full\" srcset=\"https:\/\/computer-alex.de\/wp-content\/uploads\/2020\/02\/apple-touch-icon1.png 180w, https:\/\/computer-alex.de\/wp-content\/uploads\/2020\/02\/apple-touch-icon1-150x150.png 150w\" sizes=\"auto, (max-width: 180px) 100vw, 180px\" \/><\/figure><div class=\"wp-block-media-text__content\">\n<h2 class=\"wp-block-heading\"><strong><a href=\"https:\/\/www.avira.com\/de\/start-download\/product\/2262\/RnZHNUpuemRxeTdRV2hiZ2NGaENQTFQzNy9xWTVNRlZuQzFGZ0xtZmcwOUpFSVBjODgybU9lZEc0SVRERGhhVmRlN0FPSDhCSldsUG1kR1V1VEt0Unc9PQ\" target=\"_blank\" rel=\"noopener\">Avira Antivir<\/a><\/strong><\/h2>\n\n\n\n<p><strong>Der beliebte \nGratis-Virenscanner &#8222;Avira Free Antivirus&#8220; kriegt 2020 mit Avira Free \nSecurity einen Nachfolger mit neuer Optik und mehr Funkionen.<\/strong><\/p>\n\n\n\n<p>Nutzer kriegen also den effektiven Schutz gegen Viren weiterhin  kostenlos. Dazu geh\u00f6ren  der integrierte Echtzeit-Scanner, der Ihr  System permanent \u00fcberwacht, und auch die gezielte \u00dcberpr\u00fcfung von  Dateien und Ordnern. Neben Viren, W\u00fcrmern und Trojanern kennt das  Antivirenprogramm auch Ad- und Spyware. An Bord ist auch eine  Heuristik-Erkennung, die bislang unbekannte Malware anhand typischer  Verhaltensmuster erkennen kann. <\/p>\n<\/div><\/div>\n\n\n\n<p><\/p>\n\n\n\n<h2 class=\"wp-block-heading has-text-align-center\"><strong>Verschl\u00fcsselung:<\/strong><\/h2>\n\n\n\n<div class=\"wp-block-media-text alignwide\"><figure class=\"wp-block-media-text__media\"><img loading=\"lazy\" decoding=\"async\" width=\"295\" height=\"146\" src=\"https:\/\/computer-alex.de\/wp-content\/uploads\/2026\/03\/Gpg4win-logo.png\" alt=\"\" class=\"wp-image-150 size-full\"\/><\/figure><div class=\"wp-block-media-text__content\">\n<h2 class=\"wp-block-heading\"><a href=\"https:\/\/www.gpg4win.de\/\" target=\"_blank\" rel=\"noopener\"><strong>GPG4Win<\/strong><\/a><\/h2>\n\n\n\n<p> &#8230; zum Verschl\u00fcsseln und Signieren von E-Mails, Dateien und Ordnern unter Windows.     Gpg4win (GNU Privacy Guard for Windows) ist Freie Software und mit     nur wenigen Mausklicks installiert.<br>     Starten Sie durch &#8211; in eine freie und sichere Zukunft!      <\/p>\n<\/div><\/div>\n\n\n\n<p><\/p>\n\n\n\n<div class=\"wp-block-media-text alignwide\"><figure class=\"wp-block-media-text__media\"><img decoding=\"async\" src=\"https:\/\/www.heise.de\/download\/media\/veracrypt-95747\/veracrypt_1-1-24.jpg\" alt=\"\"\/><\/figure><div class=\"wp-block-media-text__content\">\n<h2 class=\"wp-block-heading\"><strong><a href=\"https:\/\/www.veracrypt.fr\/en\/Downloads.html\" target=\"_blank\" rel=\"noopener\">Vera Crypt<\/a><\/strong><\/h2>\n\n\n\n<p><strong>VeraCrypt<\/strong> ist aus dem Verschl\u00fcsselungsprogramm <a href=\"https:\/\/www.heise.de\/download\/product\/truecrypt-25104\" target=\"_blank\" rel=\"noopener\">TrueCrypt<\/a> hervorgegangen und geh\u00f6rt zu den <a href=\"https:\/\/www.heise.de\/download\/specials\/Die-besten-Open-Source-Programme-3646964\" target=\"_blank\" rel=\"noopener\">beliebtesten Open-Source-Programmen<\/a>. Die Freeware f\u00fcr die Sicherheit von Daten kann verschl\u00fcsselte Container erstellen sowie Festplatte, SSD, USB-Stick und SD-Karte verschl\u00fcsseln. Die Bedienung von VeraCrypt \u00e4hnelt der von TrueCrypt, denn die Software zur Verschl\u00fcsselung nutzt Teile des Codes von TrueCrypt 7.1a. Zudem gibt es mit <a href=\"https:\/\/www.heise.de\/download\/product\/veracrypt-portable\" target=\"_blank\" rel=\"noopener\">VeraCrypt Portable<\/a> eine portable Version, die nicht installiert werden muss.<\/p>\n\n\n\n<p><\/p>\n<\/div><\/div>\n\n\n\n<p class=\"has-text-align-center has-large-font-size\"><strong>Musik:<\/strong><\/p>\n\n\n\n<div class=\"wp-block-media-text is-stacked-on-mobile\"><figure class=\"wp-block-media-text__media\"><img loading=\"lazy\" decoding=\"async\" width=\"324\" height=\"324\" src=\"https:\/\/computer-alex.de\/wp-content\/uploads\/2025\/07\/ic_launcher_foreground.png\" alt=\"\" class=\"wp-image-116 size-full\" srcset=\"https:\/\/computer-alex.de\/wp-content\/uploads\/2025\/07\/ic_launcher_foreground.png 324w, https:\/\/computer-alex.de\/wp-content\/uploads\/2025\/07\/ic_launcher_foreground-300x300.png 300w, https:\/\/computer-alex.de\/wp-content\/uploads\/2025\/07\/ic_launcher_foreground-150x150.png 150w\" sizes=\"auto, (max-width: 324px) 100vw, 324px\" \/><\/figure><div class=\"wp-block-media-text__content\">\n<p class=\"has-large-font-size\"><strong><a href=\"https:\/\/computer-alex.de\/tempo.apk\">Tempo<\/a><\/strong><\/p>\n\n\n\n<p><strong>Tempo<\/strong> ist der Music Player f\u00fcr Unterwegs.<\/p>\n\n\n\n<p>Genie\u00dfe \u00fcber 60.000 K\u00fcnstler online.<\/p>\n<\/div><\/div>\n\n\n\n<p class=\"has-text-align-center has-large-font-size\"><strong>Support Technik:<\/strong><\/p>\n\n\n\n<div class=\"wp-block-media-text is-stacked-on-mobile\"><figure class=\"wp-block-media-text__media\"><img loading=\"lazy\" decoding=\"async\" width=\"296\" height=\"296\" src=\"https:\/\/computer-alex.de\/wp-content\/uploads\/2026\/02\/71636191.png\" alt=\"\" class=\"wp-image-123 size-full\" srcset=\"https:\/\/computer-alex.de\/wp-content\/uploads\/2026\/02\/71636191.png 296w, https:\/\/computer-alex.de\/wp-content\/uploads\/2026\/02\/71636191-150x150.png 150w\" sizes=\"auto, (max-width: 296px) 100vw, 296px\" \/><\/figure><div class=\"wp-block-media-text__content\">\n<p class=\"has-large-font-size\"><strong><a href=\"https:\/\/computer-alex.de\/Fernwartung.exe\">Fernwartungstool<\/a><\/strong><\/p>\n\n\n\n<p>Rust Desk ist das sichere Fernwartungstool auf Open Source Technik.<\/p>\n\n\n\n<p>Eigens gehostet und gewartet. <\/p>\n\n\n\n<p>Android: <a href=\"https:\/\/computer-alex.de\/Fernwartungstool.apk\" data-type=\"link\" data-id=\"https:\/\/computer-alex.de\/Fernwartungstool.apk\">https:\/\/computer-alex.de\/Fernwartungstool.apk<\/a><\/p>\n<\/div><\/div>\n","protected":false},"excerpt":{"rendered":"<p>Kostenfreie Antiviren Programme: Avira Antivir Der beliebte Gratis-Virenscanner &#8222;Avira Free Antivirus&#8220; kriegt 2020 mit Avira Free Security einen Nachfolger mit neuer Optik und mehr Funkionen. Nutzer kriegen also den effektiven Schutz gegen Viren weiterhin kostenlos. Dazu geh\u00f6ren der integrierte Echtzeit-Scanner, der Ihr System permanent \u00fcberwacht, und auch die gezielte \u00dcberpr\u00fcfung von Dateien und Ordnern. Neben&hellip; <br \/> <a class=\"read-more\" href=\"https:\/\/computer-alex.de\/?page_id=46\">Weiterlesen<\/a><\/p>\n","protected":false},"author":1,"featured_media":0,"parent":0,"menu_order":2,"comment_status":"closed","ping_status":"closed","template":"page-templates\/homepage.php","meta":{"footnotes":""},"class_list":["post-46","page","type-page","status-publish","hentry"],"_links":{"self":[{"href":"https:\/\/computer-alex.de\/index.php?rest_route=\/wp\/v2\/pages\/46","targetHints":{"allow":["GET"]}}],"collection":[{"href":"https:\/\/computer-alex.de\/index.php?rest_route=\/wp\/v2\/pages"}],"about":[{"href":"https:\/\/computer-alex.de\/index.php?rest_route=\/wp\/v2\/types\/page"}],"author":[{"embeddable":true,"href":"https:\/\/computer-alex.de\/index.php?rest_route=\/wp\/v2\/users\/1"}],"replies":[{"embeddable":true,"href":"https:\/\/computer-alex.de\/index.php?rest_route=%2Fwp%2Fv2%2Fcomments&post=46"}],"version-history":[{"count":16,"href":"https:\/\/computer-alex.de\/index.php?rest_route=\/wp\/v2\/pages\/46\/revisions"}],"predecessor-version":[{"id":154,"href":"https:\/\/computer-alex.de\/index.php?rest_route=\/wp\/v2\/pages\/46\/revisions\/154"}],"wp:attachment":[{"href":"https:\/\/computer-alex.de\/index.php?rest_route=%2Fwp%2Fv2%2Fmedia&parent=46"}],"curies":[{"name":"wp","href":"https:\/\/api.w.org\/{rel}","templated":true}]}}