{"id":26,"date":"2019-05-28T00:27:34","date_gmt":"2019-05-27T22:27:34","guid":{"rendered":"https:\/\/computer-alex.de\/?page_id=26"},"modified":"2020-02-12T14:56:42","modified_gmt":"2020-02-12T13:56:42","slug":"agb","status":"publish","type":"page","link":"https:\/\/computer-alex.de\/?page_id=26","title":{"rendered":"AGB"},"content":{"rendered":"\n<pre class=\"wp-block-preformatted\">Allgemeine Gesch\u00e4ftsbedingungen der Computer-Alex H\u00f6henstra\u00dfe 52, 97688 Bad Kissingen<\/pre>\n\n\n\n<h3 class=\"wp-block-heading\">\u00a71 G\u00fcltigkeit dieser AGB<\/h3>\n\n\n\n<pre class=\"wp-block-preformatted\">1. Diese AGB gelten bei jedem Vertragsabschluss zwischen Computer-Alex und dem Kunden. \n2. Diese AGB  treten sofort nach ihrer Ver\u00f6ffentlichung in Kraft. Die Allgemeinen  Gesch\u00e4ftsbedingungen sind automatisch Bestandteil jedes Vertrages, der  nach dem 01.06.2019 geschlossen wird \/ wurde. Sie k\u00f6nnen jederzeit auf  der Webseite www.computer-alex.de eingesehen werden. \n3. Computer-Alex beh\u00e4lt sich das Recht vor, diese AGB jederzeit in zumutbarer Weise zu \u00e4ndern. \n4. Der Kunde hat sich selbst von der neuen AGB Kenntnis zu verschaffen. Eine gesonderte Benachrichtigung erfolgt nicht. \n5. Au\u00dfer dem Inhaber Alexander Pavlin sind keine anderen Personen,  insbesondere keine Mitarbeiter von Computer-Alex, berechtigt,  diese AGB zu \u00e4ndern.<\/pre>\n\n\n\n<h3 class=\"wp-block-heading\">\u00a72 K\u00fcndigungsrecht<\/h3>\n\n\n\n<pre class=\"wp-block-preformatted\">1. K\u00fcndigungen erfolgen per Post oder per Mail, dann jedoch mit Zustell- und Lesebest\u00e4tigung. \n2. Der Kunde kann fristlos k\u00fcndigen, wenn daf\u00fcr ein triftiger Grund  vorliegt. Anfallende Geb\u00fchren werden bis einschlie\u00dflich dem Tag erhoben,  an dem die K\u00fcndigung abgesendet wurde (Datum des Poststempels). \n3. ALEX-COMPUTER kann einen Vertrag, unter Angaben von Gr\u00fcnden fristlos k\u00fcndigen.<\/pre>\n\n\n\n<h3 class=\"wp-block-heading\">\u00a73 Gew\u00e4hrleistung<\/h3>\n\n\n\n<pre class=\"wp-block-preformatted\">1. Alle Produkte und Dienstleistungen sind nur f\u00fcr die \u00fcbliche private  oder kommerzielle Verwendung geeignet, nicht jedoch f\u00fcr eine Verwendung  in kritischen Sicherheitssystemen, Kernkraftwerken oder medizinischen  Ger\u00e4ten mit lebenserhaltender Funktion. F\u00fcr Sch\u00e4den, die sich aus einer  solchen Verwendung oder einem vergleichbaren Einsatz ergeben, steht ALEX-COMPUTER nicht ein. \n2. Programme, die mit Quellcode ausgeliefert werden, unterliegen  keinerlei Gew\u00e4hrleistung. Von ALEX-COMPUTER erstellte oder  lizenzierte Programme, die ohne Quellcode ausgeliefert werden,  unterliegen der normalen Haftung (s. auch \u00a76). \n3. ALEX-COMPUTER verpflichtet sich in jedem Fall dazu, den Fehler  zu beheben. Das schlie\u00dft Kosten f\u00fcr den Kunden nicht aus. \n4. ALEX-COMPUTER ist nicht f\u00fcr Drittanbieter verantwortlich. \n5. F\u00fcr Verbraucher gem. \u00a7 13 BGB gelten die gesetzlichen Fristen,  andernfalls betr\u00e4gt die Gew\u00e4hrleistungsfrist 12 Monate ab Anlieferung  der Ware. \n6. Kein Gew\u00e4hr wird \u00fcbernommen f\u00fcr M\u00e4ngel und Sch\u00e4den, die aus  ungeeigneter oder unsachgem\u00e4\u00dfer Verwendung, Nichtbeachtung von  Anwendungshinweisen oder fehlerhafter oder nachl\u00e4ssiger Behandlung  entstanden sind. Dies gilt insbesondere f\u00fcr den Betrieb der Gegenst\u00e4nde  mit falscher Strom Art oder -spannung sowie Anschluss an ungeeigneten  Stromquellen. Das gleiche gilt f\u00fcr M\u00e4ngel und Sch\u00e4den, die aufgrund von  Brand, Blitzschlag, Explosion oder netzbedingten \u00dcberspannungen,  Feuchtigkeit aller Art, falscher oder fehlender Programm-Software  und\/oder Verarbeitungsdaten zur\u00fcckzuf\u00fchren sind, es sei denn, der K\u00e4ufer  weist nach, dass diese Umst\u00e4nde nicht urs\u00e4chlich f\u00fcr den ger\u00fcgten  Mangel sind. \n7. Die Gew\u00e4hrleistung erlischt, wenn der K\u00e4ufer Eingriffe und\/oder  Reparaturen an Ger\u00e4ten vornimmt oder durch Personen vornehmen l\u00e4sst. \n8. Durch einen Austausch im Rahmen der Gew\u00e4hrleistung\/Garantie treten keine neuen Gew\u00e4hrleistungs-\/Garantiefristen in Kraft<\/pre>\n\n\n\n<h3 class=\"wp-block-heading\">\u00a74 Bezahlung<\/h3>\n\n\n\n<pre class=\"wp-block-preformatted\">1. Sonderbestellungen von Hardware sind bereits vor der Lieferung, bar  oder per \u00dcberweisung, voll zu bezahlen. Eventuell anfallende  Versandkosten ergeben sich nach Gr\u00f6\u00dfe und Gewicht der Ware. \n2. \u00dcbrige Rechnungen sind gem\u00e4\u00df des vereinbarten und ausgewiesenen  Zahlungsziels und den besonders ausgewiesenen Abz\u00fcgen zu begleichen.  Unberechtigt einbehaltene Abz\u00fcge werden nachgefordert. \n3. Sollte 7 Tage nach Ablauf des Zahlungsziels der Betrag noch nicht auf  dem Konto eingegangen sein, folgt eine Zahlungserinnerung. Diese gilt  gleichzeitig als 1. Mahnung. \n4. Jeweils 7 Tage sp\u00e4ter folgen die 2. und 3. Mahnung. Weitere 7 Tage  nach Versendung der 3. Mahnung und Ausbleiben der Zahlung beh\u00e4lt sich  ALEX-COMPUTER vor, weitere rechtliche Schritte einzuleiten. \n5. Kostenlose (Service-)Leistungen seitens COMPUTER-ALEX k\u00f6nnen  jederzeit, ohne Angaben von Gr\u00fcnden, fristlos eingestellt werden.  Eventuelle Anspr\u00fcche k\u00f6nnen nicht gestellt werden. \n6. Bei Ausbleiben von Zahlungen beh\u00e4lt sich COMPUTER-ALEX vor,  weitere Leistungen und Lieferungen bis auf weiteres einzustellen.<\/pre>\n\n\n\n<h3 class=\"wp-block-heading\">\u00a75 Datenschutz<\/h3>\n\n\n\n<pre class=\"wp-block-preformatted\">1. Mit dem Zustandekommen eines Vertrages zwischen dem Kunden und COMPUTER-ALEX werden seine Daten im notwendigen Umfang gespeichert.  Der Kunde wird davon nicht extra in Kenntnis gesetzt. \n2. COMPUTER-ALEX verpflichtet sich, die Kundendaten und deren  Datenbest\u00e4nde \u2013 gleich welcher Art \u2013 absolut vertraulich zu behandeln  und gesch\u00fctzt zu lagern. \n3. Soweit Daten an uns \u2013 gleich in welcher Form \u2013 \u00fcbermittelt werden,  stellt der Kunde vor \u00dcbertragung Sicherheitskopien her. F\u00fcr den Fall  eines Datenverlustes ist der Kunde verpflichtet, die betreffenden  Datenbest\u00e4nde nochmals unentgeltlich an uns zu \u00fcbermitteln. \n4. Erh\u00e4lt der Kunde zur Pflege seines Angebotes eine Nutzerkennung und  ein Passwort, so ist er verpflichtet, dieses vertraulich zu behandeln.  Dabei haftet er f\u00fcr jeden Missbrauch, der aus einer unberechtigten  Verwendung des Passwortes resultiert.<\/pre>\n\n\n\n<h3 class=\"wp-block-heading\">\u00a76 Haftung<\/h3>\n\n\n\n<pre class=\"wp-block-preformatted\">1. COMPUTER-ALEX haftet nur f\u00fcr Inhalte selbst erstellter Produkte. \n2. COMPUTER-ALEX haftet f\u00fcr von Mitarbeitern verursachte Sch\u00e4den  nur bei Vorsatz oder grober Fahrl\u00e4ssigkeit. Es wird weiterhin keine  Haftung bei Systemausf\u00e4llen und deren Folgen, die bei Wartungs- und  Servicearbeiten auftreten oder durch dabei aufgedeckte Fehler verursacht  werden, \u00fcbernommen. Gleiches gilt bei vorher vereinbarten  Belastungspr\u00fcfungen, wenn dabei die Hard- oder Software den  Anforderungen nicht standh\u00e4lt oder bei diesen Pr\u00fcfungen Systemausf\u00e4lle  ausgel\u00f6st werden. \n3. COMPUTER-ALEX haftet nicht f\u00fcr finanzielle Verluste, die dem  Kunden durch Drittanbieter entstanden sind. Diese m\u00fcssen direkt dort  geltend gemacht werden. \n4. Die Haftung f\u00fcr Folgesch\u00e4den und entgangenen Gewinn, sowie der Ersatz  von Sachsch\u00e4den im Sinne des Produkthaftungsgesetzes sind  einvernehmlich ausgeschlossen. \n5. Keinerlei Haftung wird f\u00fcr Arbeiten \u00fcbernommen, die an nicht mehr vom  Hersteller unterst\u00fctzter Soft- und Hardware durchgef\u00fchrt werden muss.  Dieses gilt insbesondere f\u00fcr die Betriebssysteme von Microsoft. COMPUTER-ALEX hat das Recht, diese Arbeiten von vornherein abzulehnen,  auch au\u00dferhalb betriebskritischer Bereiche. Auch aus diesem Umstand  resultierende Notf\u00e4lle liegen einzig und allein in Verantwortung des  Kunden<\/pre>\n\n\n\n<h3 class=\"wp-block-heading\">\u00a77 Datensicherung<\/h3>\n\n\n\n<pre class=\"wp-block-preformatted\">1. Mit Auftragserteilung best\u00e4tigt der Kunde verbindlich, eine geeignete Datensicherung  auf den f\u00fcr Servicearbeiten zug\u00e4nglich gemachten EDV-Systemen  durchgef\u00fchrt zu haben. Sollte eine Wiederherstellung der Daten  erforderlich werden, so nimmt der Kunde diese auf eigene Kosten vor. \n2. Der Kunde ist selbst f\u00fcr seine Datensicherung verantwortlich, es wird bei Datenverlust keine Haftung \u00fcbernommen! Dies gilt auch dann, wenn die Datensicherung durch COMPUTER-ALEX eingerichtet, konfiguriert oder gepr\u00fcft wurde.<\/pre>\n\n\n\n<h3 class=\"wp-block-heading\">\u00a78 Lizenzen<\/h3>\n\n\n\n<pre class=\"wp-block-preformatted\">1. Soweit Software zum Lieferumfang geh\u00f6rt, wird diese dem K\u00e4ufer allein  zur eigenen Nutzung \u00fcberlassen, d.h., er darf diese weder kopieren noch  anderen zur Nutzung \u00fcberlassen. Ein mehrfaches oder \u00fcbertragbares  Nutzungsrecht bedarf einer besonderen Vereinbarung in Textform. Im  \u00dcbrigen richten sich die Rechte des K\u00e4ufers nach den Lizenzbedingungen  des jeweiligen Herstellers bzw. Lizenzgebers, zu deren Beachtung und  Einhaltung der K\u00e4ufer sich hiermit verpflichtet.<\/pre>\n\n\n\n<h3 class=\"wp-block-heading\">\u00a79 Abtretungsverbot<\/h3>\n\n\n\n<pre class=\"wp-block-preformatted\">1. Die Abtretung jeglicher Forderungen oder Anspr\u00fcche gegen COMPUTER-ALEX an Dritte ist ausgeschlossen, sofern COMPUTER-Alex der Abtretung nicht ausdr\u00fccklich in Textform zustimmt.  COMPUTER-ALEX ist zur Zustimmung verpflichtet, wenn der K\u00e4ufer  ein berechtigtes Interesse an der Abtretung nachweist. \n2. Das Abtretungsverbot betrifft auch die Gew\u00e4hrleistungsanspr\u00fcche;  diese stehen lediglich dem Vertragspartner von COMPUTER-ALEX zu.<\/pre>\n\n\n\n<h3 class=\"wp-block-heading\">\u00a710 Sonstige Bestimmungen<\/h3>\n\n\n\n<pre class=\"wp-block-preformatted\">Sollte eine der hier aufgef\u00fchrten Bestimmungen ung\u00fcltig sein, so  verlieren die \u00fcbrigen Bestimmungen dadurch nicht ihre G\u00fcltigkeit. Der  gesetzlich inkorrekte Teil ist zu ersetzen.\nErf\u00fcllungsort ist Bad Kissingen. Gerichtstand ist Bad Kissingen.<\/pre>\n","protected":false},"excerpt":{"rendered":"<p>Allgemeine Gesch\u00e4ftsbedingungen der Computer-Alex H\u00f6henstra\u00dfe 52, 97688 Bad Kissingen \u00a71 G\u00fcltigkeit dieser AGB 1. Diese AGB gelten bei jedem Vertragsabschluss zwischen Computer-Alex und dem Kunden. 2. Diese AGB treten sofort nach ihrer Ver\u00f6ffentlichung in Kraft. Die Allgemeinen Gesch\u00e4ftsbedingungen sind automatisch Bestandteil jedes Vertrages, der nach dem 01.06.2019 geschlossen wird \/ wurde. Sie k\u00f6nnen jederzeit auf&hellip; <br \/> <a class=\"read-more\" href=\"https:\/\/computer-alex.de\/?page_id=26\">Weiterlesen<\/a><\/p>\n","protected":false},"author":1,"featured_media":0,"parent":24,"menu_order":0,"comment_status":"closed","ping_status":"closed","template":"page-templates\/homepage.php","meta":{"footnotes":""},"class_list":["post-26","page","type-page","status-publish","hentry"],"_links":{"self":[{"href":"https:\/\/computer-alex.de\/index.php?rest_route=\/wp\/v2\/pages\/26","targetHints":{"allow":["GET"]}}],"collection":[{"href":"https:\/\/computer-alex.de\/index.php?rest_route=\/wp\/v2\/pages"}],"about":[{"href":"https:\/\/computer-alex.de\/index.php?rest_route=\/wp\/v2\/types\/page"}],"author":[{"embeddable":true,"href":"https:\/\/computer-alex.de\/index.php?rest_route=\/wp\/v2\/users\/1"}],"replies":[{"embeddable":true,"href":"https:\/\/computer-alex.de\/index.php?rest_route=%2Fwp%2Fv2%2Fcomments&post=26"}],"version-history":[{"count":1,"href":"https:\/\/computer-alex.de\/index.php?rest_route=\/wp\/v2\/pages\/26\/revisions"}],"predecessor-version":[{"id":27,"href":"https:\/\/computer-alex.de\/index.php?rest_route=\/wp\/v2\/pages\/26\/revisions\/27"}],"up":[{"embeddable":true,"href":"https:\/\/computer-alex.de\/index.php?rest_route=\/wp\/v2\/pages\/24"}],"wp:attachment":[{"href":"https:\/\/computer-alex.de\/index.php?rest_route=%2Fwp%2Fv2%2Fmedia&parent=26"}],"curies":[{"name":"wp","href":"https:\/\/api.w.org\/{rel}","templated":true}]}}